{"id":1606,"date":"2025-11-07T01:58:19","date_gmt":"2025-11-07T01:58:19","guid":{"rendered":"https:\/\/fase2.net\/demos\/GyC-Group\/?page_id=1606"},"modified":"2025-11-07T02:19:27","modified_gmt":"2025-11-07T02:19:27","slug":"nuestro-compromiso","status":"publish","type":"page","link":"https:\/\/fase2.net\/demos\/GyC-Group\/nuestro-compromiso\/","title":{"rendered":"NUESTRO COMPROMISO"},"content":{"rendered":"\t\t<div data-elementor-type=\"wp-page\" data-elementor-id=\"1606\" class=\"elementor elementor-1606\">\n\t\t\t\t<div class=\"elementor-element elementor-element-aa5e775 e-flex e-con-boxed e-con e-parent\" data-id=\"aa5e775\" data-element_type=\"container\" data-settings=\"{&quot;background_background&quot;:&quot;classic&quot;}\">\n\t\t\t\t\t<div class=\"e-con-inner\">\n\t\t<div class=\"elementor-element elementor-element-980d072 e-con-full e-flex elementor-invisible e-con e-child\" data-id=\"980d072\" data-element_type=\"container\" data-settings=\"{&quot;animation&quot;:&quot;fadeInLeft&quot;}\">\n\t\t\t\t<div class=\"elementor-element elementor-element-ff75c43 elementor-widget elementor-widget-text-editor\" data-id=\"ff75c43\" data-element_type=\"widget\" data-widget_type=\"text-editor.default\">\n\t\t\t\t\t\t\t\t\t<p>En GyC Group entendemos que tu negocio depende de un suministro confiable de energ\u00eda. Por eso, cada d\u00eda trabajamos para brindarte hidrocarburos de alta calidad, directamente desde las refiner\u00edas m\u00e1s confiables de EE.UU., con procesos robustos que garantizan continuidad operativa y trazabilidad total.<\/p><p>Nuestra log\u00edstica multimodal flexible nos permite dise\u00f1ar la ruta \u00f3ptima para tu necesidad, optimizando costo y tiempo mientras disminuimos riesgos. Operamos conforme a la regulaci\u00f3n mexicana y estadounidense, con protocolos estrictos de Seguridad, Salud y Medio Ambiente.<\/p><p>Pero m\u00e1s all\u00e1 de la log\u00edstica, ofrecemos atenci\u00f3n consultiva: pron\u00f3stico de demanda, dise\u00f1o de contratos adaptados a tu flujo de caja, y soporte t\u00e9cnico-comercial 24\/7. No solo te vendemos combustible, te ayudamos a optimizar tu operaci\u00f3n.<\/p><p><strong>Nuestra meta es clara:<\/strong> Ser tu socio estrat\u00e9gico de largo plazo, el proveedor en el que conf\u00edas para que tu operaci\u00f3n nunca se detenga.<\/p>\t\t\t\t\t\t\t\t<\/div>\n\t\t\t\t<\/div>\n\t\t<div class=\"elementor-element elementor-element-3778f3c e-con-full e-flex e-con e-child\" data-id=\"3778f3c\" data-element_type=\"container\">\n\t\t\t\t<div class=\"elementor-element elementor-element-687e9d4 elementor-invisible elementor-widget elementor-widget-image\" data-id=\"687e9d4\" data-element_type=\"widget\" data-settings=\"{&quot;_animation&quot;:&quot;fadeInUp&quot;}\" data-widget_type=\"image.default\">\n\t\t\t\t\t\t\t\t\t\t\t\t\t\t\t<img fetchpriority=\"high\" decoding=\"async\" width=\"800\" height=\"800\" src=\"https:\/\/fase2.net\/demos\/GyC-Group\/wp-content\/uploads\/2025\/09\/GC-Group-equipo-maritimo.jpg\" class=\"attachment-large size-large wp-image-1501\" alt=\"\" srcset=\"https:\/\/fase2.net\/demos\/GyC-Group\/wp-content\/uploads\/2025\/09\/GC-Group-equipo-maritimo.jpg 800w, https:\/\/fase2.net\/demos\/GyC-Group\/wp-content\/uploads\/2025\/09\/GC-Group-equipo-maritimo-300x300.jpg 300w, https:\/\/fase2.net\/demos\/GyC-Group\/wp-content\/uploads\/2025\/09\/GC-Group-equipo-maritimo-150x150.jpg 150w, https:\/\/fase2.net\/demos\/GyC-Group\/wp-content\/uploads\/2025\/09\/GC-Group-equipo-maritimo-768x768.jpg 768w\" sizes=\"(max-width: 800px) 100vw, 800px\" \/>\t\t\t\t\t\t\t\t\t\t\t\t\t\t\t<\/div>\n\t\t\t\t<\/div>\n\t\t\t\t\t<\/div>\n\t\t\t\t<\/div>\n\t\t<div class=\"elementor-element elementor-element-acc46aa e-flex e-con-boxed e-con e-parent\" data-id=\"acc46aa\" data-element_type=\"container\">\n\t\t\t\t\t<div class=\"e-con-inner\">\n\t\t<div class=\"elementor-element elementor-element-201f297 e-con-full e-flex elementor-invisible e-con e-child\" data-id=\"201f297\" data-element_type=\"container\" data-settings=\"{&quot;animation&quot;:&quot;fadeInLeft&quot;}\">\n\t\t\t\t<div class=\"elementor-element elementor-element-81d4141 ct-advanced-heading elementor-widget elementor-widget-heading\" data-id=\"81d4141\" data-element_type=\"widget\" data-widget_type=\"heading.default\">\n\t\t\t\t\t<h2 class=\"elementor-heading-title elementor-size-default\">Relaciones Directas con las \nRefiner\u00edas<br> <span style=\"color:#90ae5f\">M\u00e1s Confiables de EE.UU.<\/span> <\/h2>\t\t\t\t<\/div>\n\t\t\t\t<div class=\"elementor-element elementor-element-89c907d elementor-widget elementor-widget-text-editor\" data-id=\"89c907d\" data-element_type=\"widget\" data-widget_type=\"text-editor.default\">\n\t\t\t\t\t\t\t\t\t<p>M\u00e1s de 8 a\u00f1os de relaci\u00f3n comercial cercana y efectiva con:<\/p><ul><li><strong>EXXON<\/strong> (Pasadena, TX)<\/li><li><strong>SHELL<\/strong> (Pasadena, TX)<\/li><li><strong>VALERO<\/strong> (Pasadena y Three Rivers, TX; Corpus Christi, TX)<\/li><li><strong>LYONDELL<\/strong> (Pasadena, TX)<\/li><li><strong>DELEK<\/strong> (Lake Charles, Louisiana)<\/li><li><strong>FLINT HILLS<\/strong> (San Antonio, TX; Corpus Christi, TX)<\/li><li><strong>CITGO<\/strong> (Corpus Christi, TX)<\/li><\/ul><p>Estas relaciones de largo plazo nos permiten asegurar calidad desde origen, acceso prioritario a producto y capacidad de respuesta ante demandas urgentes o vol\u00famenes especiales.<\/p>\t\t\t\t\t\t\t\t<\/div>\n\t\t\t\t<\/div>\n\t\t\t\t\t<\/div>\n\t\t\t\t<\/div>\n\t\t<div class=\"elementor-element elementor-element-d1ca7a0 e-flex e-con-boxed e-con e-parent\" data-id=\"d1ca7a0\" data-element_type=\"container\">\n\t\t\t\t\t<div class=\"e-con-inner\">\n\t\t<div class=\"elementor-element elementor-element-b38339f e-con-full e-flex elementor-invisible e-con e-child\" data-id=\"b38339f\" data-element_type=\"container\" data-settings=\"{&quot;animation&quot;:&quot;fadeInLeft&quot;}\">\n\t\t\t\t<div class=\"elementor-element elementor-element-c9e2742 ct-advanced-heading elementor-widget elementor-widget-heading\" data-id=\"c9e2742\" data-element_type=\"widget\" data-widget_type=\"heading.default\">\n\t\t\t\t\t<h2 class=\"elementor-heading-title elementor-size-default\">Lo que Nos Distingue en el  <span style=\"color:#90ae5f\">Sector Energ\u00e9tico<\/span> <\/h2>\t\t\t\t<\/div>\n\t\t\t\t<\/div>\n\t\t\t\t\t<\/div>\n\t\t\t\t<\/div>\n\t\t<div class=\"elementor-element elementor-element-0a7c03b e-flex e-con-boxed elementor-invisible e-con e-parent\" data-id=\"0a7c03b\" data-element_type=\"container\" data-settings=\"{&quot;animation&quot;:&quot;fadeIn&quot;}\">\n\t\t\t\t\t<div class=\"e-con-inner\">\n\t\t<div class=\"elementor-element elementor-element-d6623bf e-con-full e-flex e-con e-child\" data-id=\"d6623bf\" data-element_type=\"container\" data-settings=\"{&quot;background_background&quot;:&quot;classic&quot;}\">\n\t\t\t\t<div class=\"elementor-element elementor-element-24f995f elementor-view-default elementor-position-top elementor-mobile-position-top elementor-widget elementor-widget-icon-box\" data-id=\"24f995f\" data-element_type=\"widget\" data-widget_type=\"icon-box.default\">\n\t\t\t\t\t\t\t<div class=\"elementor-icon-box-wrapper\">\n\n\t\t\t\t\t\t<div class=\"elementor-icon-box-icon\">\n\t\t\t\t<span  class=\"elementor-icon\">\n\t\t\t\t<svg aria-hidden=\"true\" class=\"e-font-icon-svg e-fas-map-marked\" viewBox=\"0 0 576 512\" xmlns=\"http:\/\/www.w3.org\/2000\/svg\"><path d=\"M288 0c-69.59 0-126 56.41-126 126 0 56.26 82.35 158.8 113.9 196.02 6.39 7.54 17.82 7.54 24.2 0C331.65 284.8 414 182.26 414 126 414 56.41 357.59 0 288 0zM20.12 215.95A32.006 32.006 0 0 0 0 245.66v250.32c0 11.32 11.43 19.06 21.94 14.86L160 448V214.92c-8.84-15.98-16.07-31.54-21.25-46.42L20.12 215.95zM288 359.67c-14.07 0-27.38-6.18-36.51-16.96-19.66-23.2-40.57-49.62-59.49-76.72v182l192 64V266c-18.92 27.09-39.82 53.52-59.49 76.72-9.13 10.77-22.44 16.95-36.51 16.95zm266.06-198.51L416 224v288l139.88-55.95A31.996 31.996 0 0 0 576 426.34V176.02c0-11.32-11.43-19.06-21.94-14.86z\"><\/path><\/svg>\t\t\t\t<\/span>\n\t\t\t<\/div>\n\t\t\t\n\t\t\t\t\t\t<div class=\"elementor-icon-box-content\">\n\n\t\t\t\t\t\t\t\t\t<h3 class=\"elementor-icon-box-title\">\n\t\t\t\t\t\t<span  >\n\t\t\t\t\t\t\tVisibilidad Total de tu Suministro\t\t\t\t\t\t<\/span>\n\t\t\t\t\t<\/h3>\n\t\t\t\t\n\t\t\t\t\t\t\t\t\t<p class=\"elementor-icon-box-description\">\n\t\t\t\t\t\tTrack &amp; trace en tiempo real para unidades y lotes, tableros de control con KPIs operativos y comerciales, y resguardo digital de expedientes con evidencia fotogr\u00e1fica. Sabes exactamente d\u00f3nde est\u00e1 tu producto en cada momento.\t\t\t\t\t<\/p>\n\t\t\t\t\n\t\t\t<\/div>\n\t\t\t\n\t\t<\/div>\n\t\t\t\t\t\t<\/div>\n\t\t\t\t<\/div>\n\t\t<div class=\"elementor-element elementor-element-fc4e741 e-con-full e-flex e-con e-child\" data-id=\"fc4e741\" data-element_type=\"container\" data-settings=\"{&quot;background_background&quot;:&quot;classic&quot;}\">\n\t\t\t\t<div class=\"elementor-element elementor-element-254b81f elementor-view-default elementor-position-top elementor-mobile-position-top elementor-widget elementor-widget-icon-box\" data-id=\"254b81f\" data-element_type=\"widget\" data-widget_type=\"icon-box.default\">\n\t\t\t\t\t\t\t<div class=\"elementor-icon-box-wrapper\">\n\n\t\t\t\t\t\t<div class=\"elementor-icon-box-icon\">\n\t\t\t\t<span  class=\"elementor-icon\">\n\t\t\t\t<svg aria-hidden=\"true\" class=\"e-font-icon-svg e-fas-clipboard-check\" viewBox=\"0 0 384 512\" xmlns=\"http:\/\/www.w3.org\/2000\/svg\"><path d=\"M336 64h-80c0-35.3-28.7-64-64-64s-64 28.7-64 64H48C21.5 64 0 85.5 0 112v352c0 26.5 21.5 48 48 48h288c26.5 0 48-21.5 48-48V112c0-26.5-21.5-48-48-48zM192 40c13.3 0 24 10.7 24 24s-10.7 24-24 24-24-10.7-24-24 10.7-24 24-24zm121.2 231.8l-143 141.8c-4.7 4.7-12.3 4.6-17-.1l-82.6-83.3c-4.7-4.7-4.6-12.3.1-17L99.1 285c4.7-4.7 12.3-4.6 17 .1l46 46.4 106-105.2c4.7-4.7 12.3-4.6 17 .1l28.2 28.4c4.7 4.8 4.6 12.3-.1 17z\"><\/path><\/svg>\t\t\t\t<\/span>\n\t\t\t<\/div>\n\t\t\t\n\t\t\t\t\t\t<div class=\"elementor-icon-box-content\">\n\n\t\t\t\t\t\t\t\t\t<h3 class=\"elementor-icon-box-title\">\n\t\t\t\t\t\t<span  >\n\t\t\t\t\t\t\tOperaci\u00f3n Conforme a Normativa\t\t\t\t\t\t<\/span>\n\t\t\t\t\t<\/h3>\n\t\t\t\t\n\t\t\t\t\t\t\t\t\t<p class=\"elementor-icon-box-description\">\n\t\t\t\t\t\tCumplimiento total con regulaci\u00f3n mexicana (CRE) y estadounidense (EPA, DOT), protocolos HSE\/SSPA en todas las operaciones, operadores certificados y cultura de cero incidentes con capacitaci\u00f3n continua.\t\t\t\t\t<\/p>\n\t\t\t\t\n\t\t\t<\/div>\n\t\t\t\n\t\t<\/div>\n\t\t\t\t\t\t<\/div>\n\t\t\t\t<\/div>\n\t\t<div class=\"elementor-element elementor-element-5e2c5d0 e-con-full e-flex e-con e-child\" data-id=\"5e2c5d0\" data-element_type=\"container\" data-settings=\"{&quot;background_background&quot;:&quot;classic&quot;}\">\n\t\t\t\t<div class=\"elementor-element elementor-element-3104b69 elementor-view-default elementor-position-top elementor-mobile-position-top elementor-widget elementor-widget-icon-box\" data-id=\"3104b69\" data-element_type=\"widget\" data-widget_type=\"icon-box.default\">\n\t\t\t\t\t\t\t<div class=\"elementor-icon-box-wrapper\">\n\n\t\t\t\t\t\t<div class=\"elementor-icon-box-icon\">\n\t\t\t\t<span  class=\"elementor-icon\">\n\t\t\t\t<svg aria-hidden=\"true\" class=\"e-font-icon-svg e-fas-trailer\" viewBox=\"0 0 640 512\" xmlns=\"http:\/\/www.w3.org\/2000\/svg\"><path d=\"M624,320H544V80a16,16,0,0,0-16-16H16A16,16,0,0,0,0,80V368a16,16,0,0,0,16,16H65.61c7.83-54.21,54-96,110.39-96s102.56,41.79,110.39,96H624a16,16,0,0,0,16-16V336A16,16,0,0,0,624,320ZM96,243.68a176.29,176.29,0,0,0-32,20.71V136a8,8,0,0,1,8-8H88a8,8,0,0,1,8,8Zm96-18.54c-5.31-.49-10.57-1.14-16-1.14s-10.69.65-16,1.14V136a8,8,0,0,1,8-8h16a8,8,0,0,1,8,8Zm96,39.25a176.29,176.29,0,0,0-32-20.71V136a8,8,0,0,1,8-8h16a8,8,0,0,1,8,8ZM384,320H352V136a8,8,0,0,1,8-8h16a8,8,0,0,1,8,8Zm96,0H448V136a8,8,0,0,1,8-8h16a8,8,0,0,1,8,8Zm-304,0a80,80,0,1,0,80,80A80,80,0,0,0,176,320Zm0,112a32,32,0,1,1,32-32A32,32,0,0,1,176,432Z\"><\/path><\/svg>\t\t\t\t<\/span>\n\t\t\t<\/div>\n\t\t\t\n\t\t\t\t\t\t<div class=\"elementor-icon-box-content\">\n\n\t\t\t\t\t\t\t\t\t<h3 class=\"elementor-icon-box-title\">\n\t\t\t\t\t\t<span  >\n\t\t\t\t\t\t\tLa Ruta Correcta para tu Necesidad\t\t\t\t\t\t<\/span>\n\t\t\t\t\t<\/h3>\n\t\t\t\t\n\t\t\t\t\t\t\t\t\t<p class=\"elementor-icon-box-description\">\n\t\t\t\t\t\tExperiencia multimodal con capacidad de escalar vol\u00famenes seg\u00fan tu demanda. Dise\u00f1amos la combinaci\u00f3n \u00f3ptima de barco, barcaza, ferrocarril y autotransporte para cada cliente, optimizando costo, tiempo y riesgo.\t\t\t\t\t<\/p>\n\t\t\t\t\n\t\t\t<\/div>\n\t\t\t\n\t\t<\/div>\n\t\t\t\t\t\t<\/div>\n\t\t\t\t<\/div>\n\t\t<div class=\"elementor-element elementor-element-833cd9d e-con-full e-flex e-con e-child\" data-id=\"833cd9d\" data-element_type=\"container\" data-settings=\"{&quot;background_background&quot;:&quot;classic&quot;}\">\n\t\t\t\t<div class=\"elementor-element elementor-element-1f30e35 elementor-view-default elementor-position-top elementor-mobile-position-top elementor-widget elementor-widget-icon-box\" data-id=\"1f30e35\" data-element_type=\"widget\" data-widget_type=\"icon-box.default\">\n\t\t\t\t\t\t\t<div class=\"elementor-icon-box-wrapper\">\n\n\t\t\t\t\t\t<div class=\"elementor-icon-box-icon\">\n\t\t\t\t<span  class=\"elementor-icon\">\n\t\t\t\t<svg aria-hidden=\"true\" class=\"e-font-icon-svg e-fas-check-circle\" viewBox=\"0 0 512 512\" xmlns=\"http:\/\/www.w3.org\/2000\/svg\"><path d=\"M504 256c0 136.967-111.033 248-248 248S8 392.967 8 256 119.033 8 256 8s248 111.033 248 248zM227.314 387.314l184-184c6.248-6.248 6.248-16.379 0-22.627l-22.627-22.627c-6.248-6.249-16.379-6.249-22.628 0L216 308.118l-70.059-70.059c-6.248-6.248-16.379-6.248-22.628 0l-22.627 22.627c-6.248 6.248-6.248 16.379 0 22.627l104 104c6.249 6.249 16.379 6.249 22.628.001z\"><\/path><\/svg>\t\t\t\t<\/span>\n\t\t\t<\/div>\n\t\t\t\n\t\t\t\t\t\t<div class=\"elementor-icon-box-content\">\n\n\t\t\t\t\t\t\t\t\t<h3 class=\"elementor-icon-box-title\">\n\t\t\t\t\t\t<span  >\n\t\t\t\t\t\t\tOptimizaci\u00f3n Constante del Servicio\t\t\t\t\t\t<\/span>\n\t\t\t\t\t<\/h3>\n\t\t\t\t\n\t\t\t\t\t\t\t\t\t<p class=\"elementor-icon-box-description\">\n\t\t\t\t\t\tMedimos indicadores de desempe\u00f1o (OTIF, tiempos de ciclo, mermas, incidentes) y realizamos revisiones peri\u00f3dicas con clientes para identificar oportunidades de mejora y asegurar que el servicio evoluciona con tus necesidades.\t\t\t\t\t<\/p>\n\t\t\t\t\n\t\t\t<\/div>\n\t\t\t\n\t\t<\/div>\n\t\t\t\t\t\t<\/div>\n\t\t\t\t<\/div>\n\t\t\t\t\t<\/div>\n\t\t\t\t<\/div>\n\t\t<div class=\"elementor-element elementor-element-e795d13 e-flex e-con-boxed e-con e-parent\" data-id=\"e795d13\" data-element_type=\"container\">\n\t\t\t\t\t<div class=\"e-con-inner\">\n\t\t<div class=\"elementor-element elementor-element-6e6b359 e-con-full e-flex elementor-invisible e-con e-child\" data-id=\"6e6b359\" data-element_type=\"container\" data-settings=\"{&quot;animation&quot;:&quot;fadeInLeft&quot;}\">\n\t\t\t\t<div class=\"elementor-element elementor-element-65cce9d ct-advanced-heading elementor-widget elementor-widget-heading\" data-id=\"65cce9d\" data-element_type=\"widget\" data-widget_type=\"heading.default\">\n\t\t\t\t\t<h2 class=\"elementor-heading-title elementor-size-default\">Compromiso con M\u00e9xico y  <span style=\"color:#90ae5f\">el Medio Ambiente<\/span> <\/h2>\t\t\t\t<\/div>\n\t\t\t\t<\/div>\n\t\t\t\t\t<\/div>\n\t\t\t\t<\/div>\n\t\t<div class=\"elementor-element elementor-element-decea8a e-flex e-con-boxed e-con e-parent\" data-id=\"decea8a\" data-element_type=\"container\">\n\t\t\t\t\t<div class=\"e-con-inner\">\n\t\t<div class=\"elementor-element elementor-element-8be5303 e-con-full e-flex elementor-invisible e-con e-child\" data-id=\"8be5303\" data-element_type=\"container\" data-settings=\"{&quot;animation&quot;:&quot;fadeInLeft&quot;}\">\n\t\t\t\t<div class=\"elementor-element elementor-element-1f4bcd2 elementor-widget elementor-widget-text-editor\" data-id=\"1f4bcd2\" data-element_type=\"widget\" data-widget_type=\"text-editor.default\">\n\t\t\t\t\t\t\t\t\t<h4>Eficiencia Operativa<\/h4><p>Optimizaci\u00f3n de rutas y pr\u00e1cticas para disminuir huella de carbono por kil\u00f3metro transportado, uso de tecnolog\u00edas de monitoreo para reducir consumos innecesarios, y gesti\u00f3n responsable de residuos operativos.<\/p>\t\t\t\t\t\t\t\t<\/div>\n\t\t\t\t<\/div>\n\t\t<div class=\"elementor-element elementor-element-a960cb5 e-con-full e-flex elementor-invisible e-con e-child\" data-id=\"a960cb5\" data-element_type=\"container\" data-settings=\"{&quot;animation&quot;:&quot;fadeInLeft&quot;}\">\n\t\t\t\t<div class=\"elementor-element elementor-element-83ea543 elementor-widget elementor-widget-text-editor\" data-id=\"83ea543\" data-element_type=\"widget\" data-widget_type=\"text-editor.default\">\n\t\t\t\t\t\t\t\t\t<h4>Seguridad y Comunidad<\/h4><p>Programas de seguridad vial, capacitaci\u00f3n continua de operadores, cultura de cero incidentes, y compromiso con las comunidades donde operamos.<\/p>\t\t\t\t\t\t\t\t<\/div>\n\t\t\t\t<\/div>\n\t\t\t\t\t<\/div>\n\t\t\t\t<\/div>\n\t\t\t\t<\/div>\n\t\t","protected":false},"excerpt":{"rendered":"<p>En GyC Group entendemos que tu negocio depende de un suministro confiable de energ\u00eda. Por eso, cada d\u00eda trabajamos para brindarte hidrocarburos de alta calidad, directamente desde las refiner\u00edas m\u00e1s confiables de EE.UU., con procesos robustos que garantizan continuidad operativa y trazabilidad total. Nuestra log\u00edstica multimodal flexible nos permite dise\u00f1ar la ruta \u00f3ptima para tu [&hellip;]<\/p>\n","protected":false},"author":1,"featured_media":0,"parent":0,"menu_order":0,"comment_status":"closed","ping_status":"closed","template":"","meta":{"_joinchat":[],"footnotes":""},"class_list":["post-1606","page","type-page","status-publish","hentry"],"blocksy_meta":{"styles_descriptor":{"styles":{"desktop":"","tablet":"","mobile":""},"google_fonts":[],"version":6}},"_links":{"self":[{"href":"https:\/\/fase2.net\/demos\/GyC-Group\/wp-json\/wp\/v2\/pages\/1606","targetHints":{"allow":["GET"]}}],"collection":[{"href":"https:\/\/fase2.net\/demos\/GyC-Group\/wp-json\/wp\/v2\/pages"}],"about":[{"href":"https:\/\/fase2.net\/demos\/GyC-Group\/wp-json\/wp\/v2\/types\/page"}],"author":[{"embeddable":true,"href":"https:\/\/fase2.net\/demos\/GyC-Group\/wp-json\/wp\/v2\/users\/1"}],"replies":[{"embeddable":true,"href":"https:\/\/fase2.net\/demos\/GyC-Group\/wp-json\/wp\/v2\/comments?post=1606"}],"version-history":[{"count":10,"href":"https:\/\/fase2.net\/demos\/GyC-Group\/wp-json\/wp\/v2\/pages\/1606\/revisions"}],"predecessor-version":[{"id":1623,"href":"https:\/\/fase2.net\/demos\/GyC-Group\/wp-json\/wp\/v2\/pages\/1606\/revisions\/1623"}],"wp:attachment":[{"href":"https:\/\/fase2.net\/demos\/GyC-Group\/wp-json\/wp\/v2\/media?parent=1606"}],"curies":[{"name":"wp","href":"https:\/\/api.w.org\/{rel}","templated":true}]}}