{"id":1489,"date":"2025-09-16T03:22:18","date_gmt":"2025-09-16T03:22:18","guid":{"rendered":"https:\/\/fase2.net\/demos\/GyC-Group\/?page_id=1489"},"modified":"2025-11-07T02:20:28","modified_gmt":"2025-11-07T02:20:28","slug":"servicios","status":"publish","type":"page","link":"https:\/\/fase2.net\/demos\/GyC-Group\/servicios\/","title":{"rendered":"SERVICIOS"},"content":{"rendered":"\t\t<div data-elementor-type=\"wp-page\" data-elementor-id=\"1489\" class=\"elementor elementor-1489\">\n\t\t\t\t<div class=\"elementor-element elementor-element-be3a527 e-flex e-con-boxed e-con e-parent\" data-id=\"be3a527\" data-element_type=\"container\">\n\t\t\t\t\t<div class=\"e-con-inner\">\n\t\t<div class=\"elementor-element elementor-element-f274323 e-con-full e-flex elementor-invisible e-con e-child\" data-id=\"f274323\" data-element_type=\"container\" data-settings=\"{&quot;animation&quot;:&quot;fadeInLeft&quot;}\">\n\t\t\t\t<div class=\"elementor-element elementor-element-56315a3 ct-advanced-heading elementor-widget elementor-widget-heading\" data-id=\"56315a3\" data-element_type=\"widget\" data-widget_type=\"heading.default\">\n\t\t\t\t\t<h2 class=\"elementor-heading-title elementor-size-default\">Soluciones Completas <span style=\"color:#90ae5f\">de Hidrocarburos<\/span> <\/h2>\t\t\t\t<\/div>\n\t\t\t\t<div class=\"elementor-element elementor-element-6541d43 elementor-widget elementor-widget-text-editor\" data-id=\"6541d43\" data-element_type=\"widget\" data-widget_type=\"text-editor.default\">\n\t\t\t\t\t\t\t\t\t<p>Somos comercializadores autorizados por la Comisi\u00f3n Nacional\u00a0 de Energ\u00eda (CNE) con amplia capacidad de importaci\u00f3n, comercializaci\u00f3n y distribuci\u00f3n a nivel nacional.<\/p>\t\t\t\t\t\t\t\t<\/div>\n\t\t\t\t<\/div>\n\t\t\t\t\t<\/div>\n\t\t\t\t<\/div>\n\t\t<div class=\"elementor-element elementor-element-4f2caca e-flex e-con-boxed e-con e-parent\" data-id=\"4f2caca\" data-element_type=\"container\" data-settings=\"{&quot;background_background&quot;:&quot;classic&quot;}\">\n\t\t\t\t\t<div class=\"e-con-inner\">\n\t\t<div class=\"elementor-element elementor-element-13f79b1 e-con-full e-flex elementor-invisible e-con e-child\" data-id=\"13f79b1\" data-element_type=\"container\" data-settings=\"{&quot;animation&quot;:&quot;fadeInUp&quot;}\">\n\t\t\t\t<div class=\"elementor-element elementor-element-1a0ecfb5 elementor-widget elementor-widget-text-editor\" data-id=\"1a0ecfb5\" data-element_type=\"widget\" data-widget_type=\"text-editor.default\">\n\t\t\t\t\t\t\t\t\t<p>01.<\/p>\t\t\t\t\t\t\t\t<\/div>\n\t\t\t\t<div class=\"elementor-element elementor-element-21db9e10 elementor-widget elementor-widget-heading\" data-id=\"21db9e10\" data-element_type=\"widget\" data-widget_type=\"heading.default\">\n\t\t\t\t\t<h2 class=\"elementor-heading-title elementor-size-default\">Productos que Mueven tu Negocio<\/h2>\t\t\t\t<\/div>\n\t\t\t\t<div class=\"elementor-element elementor-element-6ba44b35 elementor-widget elementor-widget-text-editor\" data-id=\"6ba44b35\" data-element_type=\"widget\" data-widget_type=\"text-editor.default\">\n\t\t\t\t\t\t\t\t\t<p>Comercializamos los hidrocarburos que tu industria necesita:<\/p><ul><li><strong>Gasolinas<\/strong> para estaciones de servicio<\/li><li><strong>Di\u00e9sel Ultra Bajo Azufre (ULSD)<\/strong> para transporte e industria<\/li><li><strong>Turbosina<\/strong> para aviaci\u00f3n comercial<\/li><\/ul><p>Con estructuras de suministro a la medida: contratos spot, mediano y largo plazo, con f\u00f3rmulas de precio referenciadas a \u00edndices internacionales cuando lo requieres.<\/p>\t\t\t\t\t\t\t\t<\/div>\n\t\t\t\t<\/div>\n\t\t<div class=\"elementor-element elementor-element-468b303 e-con-full e-flex elementor-invisible e-con e-child\" data-id=\"468b303\" data-element_type=\"container\" data-settings=\"{&quot;animation&quot;:&quot;fadeInRight&quot;}\">\n\t\t\t\t<div class=\"elementor-element elementor-element-93fc07d elementor-widget elementor-widget-image\" data-id=\"93fc07d\" data-element_type=\"widget\" data-widget_type=\"image.default\">\n\t\t\t\t\t\t\t\t\t\t\t\t\t\t\t<img fetchpriority=\"high\" decoding=\"async\" width=\"800\" height=\"800\" src=\"https:\/\/fase2.net\/demos\/GyC-Group\/wp-content\/uploads\/2025\/10\/GC-Group-servicios-comercializacion.webp\" class=\"attachment-large size-large wp-image-1543\" alt=\"\" srcset=\"https:\/\/fase2.net\/demos\/GyC-Group\/wp-content\/uploads\/2025\/10\/GC-Group-servicios-comercializacion.webp 800w, https:\/\/fase2.net\/demos\/GyC-Group\/wp-content\/uploads\/2025\/10\/GC-Group-servicios-comercializacion-300x300.webp 300w, https:\/\/fase2.net\/demos\/GyC-Group\/wp-content\/uploads\/2025\/10\/GC-Group-servicios-comercializacion-150x150.webp 150w, https:\/\/fase2.net\/demos\/GyC-Group\/wp-content\/uploads\/2025\/10\/GC-Group-servicios-comercializacion-768x768.webp 768w\" sizes=\"(max-width: 800px) 100vw, 800px\" \/>\t\t\t\t\t\t\t\t\t\t\t\t\t\t\t<\/div>\n\t\t\t\t<\/div>\n\t\t\t\t\t<\/div>\n\t\t\t\t<\/div>\n\t\t<div class=\"elementor-element elementor-element-aa5e775 e-flex e-con-boxed e-con e-parent\" data-id=\"aa5e775\" data-element_type=\"container\" data-settings=\"{&quot;background_background&quot;:&quot;classic&quot;}\">\n\t\t\t\t\t<div class=\"e-con-inner\">\n\t\t<div class=\"elementor-element elementor-element-980d072 e-con-full e-flex elementor-invisible e-con e-child\" data-id=\"980d072\" data-element_type=\"container\" data-settings=\"{&quot;animation&quot;:&quot;fadeInLeft&quot;}\">\n\t\t\t\t<div class=\"elementor-element elementor-element-c98145e elementor-widget elementor-widget-text-editor\" data-id=\"c98145e\" data-element_type=\"widget\" data-widget_type=\"text-editor.default\">\n\t\t\t\t\t\t\t\t\t<p>02.<\/p>\t\t\t\t\t\t\t\t<\/div>\n\t\t\t\t<div class=\"elementor-element elementor-element-2898efa elementor-widget elementor-widget-heading\" data-id=\"2898efa\" data-element_type=\"widget\" data-widget_type=\"heading.default\">\n\t\t\t\t\t<h2 class=\"elementor-heading-title elementor-size-default\">Log\u00edstica Dise\u00f1ada para tu Operaci\u00f3n<\/h2>\t\t\t\t<\/div>\n\t\t\t\t<div class=\"elementor-element elementor-element-ff75c43 elementor-widget elementor-widget-text-editor\" data-id=\"ff75c43\" data-element_type=\"widget\" data-widget_type=\"text-editor.default\">\n\t\t\t\t\t\t\t\t\t<p>Dise\u00f1amos esquemas de distribuci\u00f3n seguros, eficientes y puntuales para cada cliente:<\/p><ul><li><strong>Cobertura nacional<\/strong> con nodos log\u00edsticos estrat\u00e9gicos<\/li><li><strong>Servicio 24\/7<\/strong> con monitoreo continuo de rutas<\/li><li><strong>Log\u00edstica multimodal:<\/strong> Barco, barcaza, ferrocarril (carrotanque) y autotransporte<\/li><li><strong>Protocolos HSE\/SSPA<\/strong> y cumplimiento normativo total<\/li><\/ul>\t\t\t\t\t\t\t\t<\/div>\n\t\t\t\t<div class=\"elementor-element elementor-element-ea37159 elementor-align-left elementor-widget elementor-widget-button\" data-id=\"ea37159\" data-element_type=\"widget\" data-widget_type=\"button.default\">\n\t\t\t\t\t\t\t\t\t\t<a class=\"elementor-button elementor-button-link elementor-size-sm\" href=\"#promesa\">\n\t\t\t\t\t\t<span class=\"elementor-button-content-wrapper\">\n\t\t\t\t\t\t\t\t\t<span class=\"elementor-button-text\">Conoce nuestra capacidad log\u00edstica<\/span>\n\t\t\t\t\t<\/span>\n\t\t\t\t\t<\/a>\n\t\t\t\t\t\t\t\t<\/div>\n\t\t\t\t<\/div>\n\t\t<div class=\"elementor-element elementor-element-3778f3c e-con-full e-flex elementor-invisible e-con e-child\" data-id=\"3778f3c\" data-element_type=\"container\" data-settings=\"{&quot;animation&quot;:&quot;fadeInUp&quot;}\">\n\t\t\t\t<div class=\"elementor-element elementor-element-687e9d4 elementor-widget elementor-widget-image\" data-id=\"687e9d4\" data-element_type=\"widget\" data-widget_type=\"image.default\">\n\t\t\t\t\t\t\t\t\t\t\t\t\t\t\t<img decoding=\"async\" width=\"800\" height=\"800\" src=\"https:\/\/fase2.net\/demos\/GyC-Group\/wp-content\/uploads\/2025\/09\/GC-Group-servicios-distribucion.jpg\" class=\"attachment-large size-large wp-image-1494\" alt=\"\" srcset=\"https:\/\/fase2.net\/demos\/GyC-Group\/wp-content\/uploads\/2025\/09\/GC-Group-servicios-distribucion.jpg 800w, https:\/\/fase2.net\/demos\/GyC-Group\/wp-content\/uploads\/2025\/09\/GC-Group-servicios-distribucion-300x300.jpg 300w, https:\/\/fase2.net\/demos\/GyC-Group\/wp-content\/uploads\/2025\/09\/GC-Group-servicios-distribucion-150x150.jpg 150w, https:\/\/fase2.net\/demos\/GyC-Group\/wp-content\/uploads\/2025\/09\/GC-Group-servicios-distribucion-768x768.jpg 768w\" sizes=\"(max-width: 800px) 100vw, 800px\" \/>\t\t\t\t\t\t\t\t\t\t\t\t\t\t\t<\/div>\n\t\t\t\t<\/div>\n\t\t\t\t\t<\/div>\n\t\t\t\t<\/div>\n\t\t<div class=\"elementor-element elementor-element-335e198 e-flex e-con-boxed e-con e-parent\" data-id=\"335e198\" data-element_type=\"container\" id=\"promesa\">\n\t\t\t\t\t<div class=\"e-con-inner\">\n\t\t<div class=\"elementor-element elementor-element-3b8cf03 e-con-full e-flex elementor-invisible e-con e-child\" data-id=\"3b8cf03\" data-element_type=\"container\" data-settings=\"{&quot;animation&quot;:&quot;fadeInLeft&quot;}\">\n\t\t\t\t<div class=\"elementor-element elementor-element-a7fc035 ct-advanced-heading elementor-widget elementor-widget-heading\" data-id=\"a7fc035\" data-element_type=\"widget\" data-widget_type=\"heading.default\">\n\t\t\t\t\t<h2 class=\"elementor-heading-title elementor-size-default\">La Infraestructura que Respalda<span style=\"color:#90ae5f\"> Nuestra Promesa<\/span> <\/h2>\t\t\t\t<\/div>\n\t\t\t\t<\/div>\n\t\t\t\t\t<\/div>\n\t\t\t\t<\/div>\n\t\t<div class=\"elementor-element elementor-element-26e1b91 e-flex e-con-boxed elementor-invisible e-con e-parent\" data-id=\"26e1b91\" data-element_type=\"container\" data-settings=\"{&quot;animation&quot;:&quot;zoomIn&quot;}\">\n\t\t\t\t\t<div class=\"e-con-inner\">\n\t\t<div class=\"elementor-element elementor-element-60faba3 e-flex e-con-boxed e-con e-child\" data-id=\"60faba3\" data-element_type=\"container\" data-settings=\"{&quot;background_background&quot;:&quot;classic&quot;}\">\n\t\t\t\t\t<div class=\"e-con-inner\">\n\t\t<div class=\"elementor-element elementor-element-b964fbf e-con-full e-flex e-con e-child\" data-id=\"b964fbf\" data-element_type=\"container\">\n\t\t\t\t<div class=\"elementor-element elementor-element-2d0785e elementor-view-default elementor-widget elementor-widget-icon\" data-id=\"2d0785e\" data-element_type=\"widget\" data-widget_type=\"icon.default\">\n\t\t\t\t\t\t\t<div class=\"elementor-icon-wrapper\">\n\t\t\t<div class=\"elementor-icon\">\n\t\t\t<svg aria-hidden=\"true\" class=\"e-font-icon-svg e-fas-truck-moving\" viewBox=\"0 0 640 512\" xmlns=\"http:\/\/www.w3.org\/2000\/svg\"><path d=\"M621.3 237.3l-58.5-58.5c-12-12-28.3-18.7-45.3-18.7H480V64c0-17.7-14.3-32-32-32H32C14.3 32 0 46.3 0 64v336c0 44.2 35.8 80 80 80 26.3 0 49.4-12.9 64-32.4 14.6 19.6 37.7 32.4 64 32.4 44.2 0 80-35.8 80-80 0-5.5-.6-10.8-1.6-16h163.2c-1.1 5.2-1.6 10.5-1.6 16 0 44.2 35.8 80 80 80s80-35.8 80-80c0-5.5-.6-10.8-1.6-16H624c8.8 0 16-7.2 16-16v-85.5c0-17-6.7-33.2-18.7-45.2zM80 432c-17.6 0-32-14.4-32-32s14.4-32 32-32 32 14.4 32 32-14.4 32-32 32zm128 0c-17.6 0-32-14.4-32-32s14.4-32 32-32 32 14.4 32 32-14.4 32-32 32zm272-224h37.5c4.3 0 8.3 1.7 11.3 4.7l43.3 43.3H480v-48zm48 224c-17.6 0-32-14.4-32-32s14.4-32 32-32 32 14.4 32 32-14.4 32-32 32z\"><\/path><\/svg>\t\t\t<\/div>\n\t\t<\/div>\n\t\t\t\t\t\t<\/div>\n\t\t\t\t<div class=\"elementor-element elementor-element-f81efcd elementor-widget elementor-widget-counter\" data-id=\"f81efcd\" data-element_type=\"widget\" data-widget_type=\"counter.default\">\n\t\t\t\t\t\t\t<div class=\"elementor-counter\">\n\t\t\t<div class=\"elementor-counter-title\"><p style=\"text-align:center\"><br>Carrotanques disponibles para garantizar tu abasto en cualquier volumen<\/p> <\/div>\t\t\t<div class=\"elementor-counter-number-wrapper\">\n\t\t\t\t<span class=\"elementor-counter-number-prefix\"><\/span>\n\t\t\t\t<span class=\"elementor-counter-number\" data-duration=\"2000\" data-to-value=\"1500\" data-from-value=\"0\" data-delimiter=\",\">0<\/span>\n\t\t\t\t<span class=\"elementor-counter-number-suffix\"><\/span>\n\t\t\t<\/div>\n\t\t<\/div>\n\t\t\t\t\t\t<\/div>\n\t\t\t\t<\/div>\n\t\t<div class=\"elementor-element elementor-element-a82d0cf e-con-full e-flex e-con e-child\" data-id=\"a82d0cf\" data-element_type=\"container\">\n\t\t\t\t<div class=\"elementor-element elementor-element-7fd2aa5 elementor-view-default elementor-widget elementor-widget-icon\" data-id=\"7fd2aa5\" data-element_type=\"widget\" data-widget_type=\"icon.default\">\n\t\t\t\t\t\t\t<div class=\"elementor-icon-wrapper\">\n\t\t\t<div class=\"elementor-icon\">\n\t\t\t<svg aria-hidden=\"true\" class=\"e-font-icon-svg e-fas-ship\" viewBox=\"0 0 640 512\" xmlns=\"http:\/\/www.w3.org\/2000\/svg\"><path d=\"M496.616 372.639l70.012-70.012c16.899-16.9 9.942-45.771-12.836-53.092L512 236.102V96c0-17.673-14.327-32-32-32h-64V24c0-13.255-10.745-24-24-24H248c-13.255 0-24 10.745-24 24v40h-64c-17.673 0-32 14.327-32 32v140.102l-41.792 13.433c-22.753 7.313-29.754 36.173-12.836 53.092l70.012 70.012C125.828 416.287 85.587 448 24 448c-13.255 0-24 10.745-24 24v16c0 13.255 10.745 24 24 24 61.023 0 107.499-20.61 143.258-59.396C181.677 487.432 216.021 512 256 512h128c39.979 0 74.323-24.568 88.742-59.396C508.495 491.384 554.968 512 616 512c13.255 0 24-10.745 24-24v-16c0-13.255-10.745-24-24-24-60.817 0-101.542-31.001-119.384-75.361zM192 128h256v87.531l-118.208-37.995a31.995 31.995 0 0 0-19.584 0L192 215.531V128z\"><\/path><\/svg>\t\t\t<\/div>\n\t\t<\/div>\n\t\t\t\t\t\t<\/div>\n\t\t\t\t<div class=\"elementor-element elementor-element-fc09a45 elementor-widget elementor-widget-counter\" data-id=\"fc09a45\" data-element_type=\"widget\" data-widget_type=\"counter.default\">\n\t\t\t\t\t\t\t<div class=\"elementor-counter\">\n\t\t\t<div class=\"elementor-counter-title\"><p style=\"text-align:center\"><br>De convenios estrat\u00e9gicos con navieras para espacios y tiempos confiables<\/p><\/div>\t\t\t<div class=\"elementor-counter-number-wrapper\">\n\t\t\t\t<span class=\"elementor-counter-number-prefix\">+<\/span>\n\t\t\t\t<span class=\"elementor-counter-number\" data-duration=\"2000\" data-to-value=\"8\" data-from-value=\"0\" data-delimiter=\",\">0<\/span>\n\t\t\t\t<span class=\"elementor-counter-number-suffix\"> a\u00f1os<\/span>\n\t\t\t<\/div>\n\t\t<\/div>\n\t\t\t\t\t\t<\/div>\n\t\t\t\t<\/div>\n\t\t<div class=\"elementor-element elementor-element-e7cabc5 e-con-full e-flex e-con e-child\" data-id=\"e7cabc5\" data-element_type=\"container\">\n\t\t\t\t<div class=\"elementor-element elementor-element-dcb43eb elementor-view-default elementor-widget elementor-widget-icon\" data-id=\"dcb43eb\" data-element_type=\"widget\" data-widget_type=\"icon.default\">\n\t\t\t\t\t\t\t<div class=\"elementor-icon-wrapper\">\n\t\t\t<div class=\"elementor-icon\">\n\t\t\t<svg aria-hidden=\"true\" class=\"e-font-icon-svg e-fas-industry\" viewBox=\"0 0 512 512\" xmlns=\"http:\/\/www.w3.org\/2000\/svg\"><path d=\"M475.115 163.781L336 252.309v-68.28c0-18.916-20.931-30.399-36.885-20.248L160 252.309V56c0-13.255-10.745-24-24-24H24C10.745 32 0 42.745 0 56v400c0 13.255 10.745 24 24 24h464c13.255 0 24-10.745 24-24V184.029c0-18.917-20.931-30.399-36.885-20.248z\"><\/path><\/svg>\t\t\t<\/div>\n\t\t<\/div>\n\t\t\t\t\t\t<\/div>\n\t\t\t\t<div class=\"elementor-element elementor-element-d8b2adc elementor-widget elementor-widget-counter\" data-id=\"d8b2adc\" data-element_type=\"widget\" data-widget_type=\"counter.default\">\n\t\t\t\t\t\t\t<div class=\"elementor-counter\">\n\t\t\t<div class=\"elementor-counter-title\"><p style=\"text-align:center\"><br>Refiner\u00edas l\u00edderes de EE.UU. con las que mantenemos relaci\u00f3n comercial directa<\/p><\/div>\t\t\t<div class=\"elementor-counter-number-wrapper\">\n\t\t\t\t<span class=\"elementor-counter-number-prefix\"><\/span>\n\t\t\t\t<span class=\"elementor-counter-number\" data-duration=\"2000\" data-to-value=\"8\" data-from-value=\"0\" data-delimiter=\",\">0<\/span>\n\t\t\t\t<span class=\"elementor-counter-number-suffix\"><\/span>\n\t\t\t<\/div>\n\t\t<\/div>\n\t\t\t\t\t\t<\/div>\n\t\t\t\t<\/div>\n\t\t<div class=\"elementor-element elementor-element-dde0f22 e-con-full e-flex e-con e-child\" data-id=\"dde0f22\" data-element_type=\"container\">\n\t\t\t\t<div class=\"elementor-element elementor-element-8803603 elementor-view-default elementor-widget elementor-widget-icon\" data-id=\"8803603\" data-element_type=\"widget\" data-widget_type=\"icon.default\">\n\t\t\t\t\t\t\t<div class=\"elementor-icon-wrapper\">\n\t\t\t<div class=\"elementor-icon\">\n\t\t\t<svg aria-hidden=\"true\" class=\"e-font-icon-svg e-fas-map-pin\" viewBox=\"0 0 288 512\" xmlns=\"http:\/\/www.w3.org\/2000\/svg\"><path d=\"M112 316.94v156.69l22.02 33.02c4.75 7.12 15.22 7.12 19.97 0L176 473.63V316.94c-10.39 1.92-21.06 3.06-32 3.06s-21.61-1.14-32-3.06zM144 0C64.47 0 0 64.47 0 144s64.47 144 144 144 144-64.47 144-144S223.53 0 144 0zm0 76c-37.5 0-68 30.5-68 68 0 6.62-5.38 12-12 12s-12-5.38-12-12c0-50.73 41.28-92 92-92 6.62 0 12 5.38 12 12s-5.38 12-12 12z\"><\/path><\/svg>\t\t\t<\/div>\n\t\t<\/div>\n\t\t\t\t\t\t<\/div>\n\t\t\t\t<div class=\"elementor-element elementor-element-344cb8c elementor-widget elementor-widget-counter\" data-id=\"344cb8c\" data-element_type=\"widget\" data-widget_type=\"counter.default\">\n\t\t\t\t\t\t\t<div class=\"elementor-counter\">\n\t\t\t<div class=\"elementor-counter-title\"><p style=\"text-align:center\"><br>Terminal propia en Harlingen, Texas, con 3 bah\u00edas y capacidad para 150-160 pipas<\/p><\/div>\t\t\t<div class=\"elementor-counter-number-wrapper\">\n\t\t\t\t<span class=\"elementor-counter-number-prefix\"><\/span>\n\t\t\t\t<span class=\"elementor-counter-number\" data-duration=\"2000\" data-to-value=\"1\" data-from-value=\"0\" data-delimiter=\",\">0<\/span>\n\t\t\t\t<span class=\"elementor-counter-number-suffix\"><\/span>\n\t\t\t<\/div>\n\t\t<\/div>\n\t\t\t\t\t\t<\/div>\n\t\t\t\t<\/div>\n\t\t<div class=\"elementor-element elementor-element-8e9017e e-con-full e-flex e-con e-child\" data-id=\"8e9017e\" data-element_type=\"container\">\n\t\t\t\t<div class=\"elementor-element elementor-element-c0abe00 elementor-view-default elementor-widget elementor-widget-icon\" data-id=\"c0abe00\" data-element_type=\"widget\" data-widget_type=\"icon.default\">\n\t\t\t\t\t\t\t<div class=\"elementor-icon-wrapper\">\n\t\t\t<div class=\"elementor-icon\">\n\t\t\t<svg aria-hidden=\"true\" class=\"e-font-icon-svg e-fas-shield-alt\" viewBox=\"0 0 512 512\" xmlns=\"http:\/\/www.w3.org\/2000\/svg\"><path d=\"M466.5 83.7l-192-80a48.15 48.15 0 0 0-36.9 0l-192 80C27.7 91.1 16 108.6 16 128c0 198.5 114.5 335.7 221.5 380.3 11.8 4.9 25.1 4.9 36.9 0C360.1 472.6 496 349.3 496 128c0-19.4-11.7-36.9-29.5-44.3zM256.1 446.3l-.1-381 175.9 73.3c-3.3 151.4-82.1 261.1-175.8 307.7z\"><\/path><\/svg>\t\t\t<\/div>\n\t\t<\/div>\n\t\t\t\t\t\t<\/div>\n\t\t\t\t<div class=\"elementor-element elementor-element-2bb15ec elementor-widget elementor-widget-counter\" data-id=\"2bb15ec\" data-element_type=\"widget\" data-widget_type=\"counter.default\">\n\t\t\t\t\t\t\t<div class=\"elementor-counter\">\n\t\t\t<div class=\"elementor-counter-title\"><p style=\"text-align:center\"><br>Monitoreo satelital, soporte t\u00e9cnico-comercial y atenci\u00f3n de emergencias<\/p><\/div>\t\t\t<div class=\"elementor-counter-number-wrapper\">\n\t\t\t\t<span class=\"elementor-counter-number-prefix\"><\/span>\n\t\t\t\t<span class=\"elementor-counter-number\" data-duration=\"2000\" data-to-value=\"24\" data-from-value=\"0\" data-delimiter=\",\">0<\/span>\n\t\t\t\t<span class=\"elementor-counter-number-suffix\">\/7<\/span>\n\t\t\t<\/div>\n\t\t<\/div>\n\t\t\t\t\t\t<\/div>\n\t\t\t\t<\/div>\n\t\t\t\t\t<\/div>\n\t\t\t\t<\/div>\n\t\t\t\t\t<\/div>\n\t\t\t\t<\/div>\n\t\t\t\t<\/div>\n\t\t","protected":false},"excerpt":{"rendered":"<p>Soluciones Completas de Hidrocarburos Somos comercializadores autorizados por la Comisi\u00f3n Nacional\u00a0 de Energ\u00eda (CNE) con amplia capacidad de importaci\u00f3n, comercializaci\u00f3n y distribuci\u00f3n a nivel nacional. 01. Productos que Mueven tu Negocio Comercializamos los hidrocarburos que tu industria necesita: Gasolinas para estaciones de servicio Di\u00e9sel Ultra Bajo Azufre (ULSD) para transporte e industria Turbosina para aviaci\u00f3n [&hellip;]<\/p>\n","protected":false},"author":1,"featured_media":0,"parent":0,"menu_order":0,"comment_status":"closed","ping_status":"closed","template":"","meta":{"_joinchat":[],"footnotes":""},"class_list":["post-1489","page","type-page","status-publish","hentry"],"blocksy_meta":{"styles_descriptor":{"styles":{"desktop":"","tablet":"","mobile":""},"google_fonts":[],"version":6}},"_links":{"self":[{"href":"https:\/\/fase2.net\/demos\/GyC-Group\/wp-json\/wp\/v2\/pages\/1489","targetHints":{"allow":["GET"]}}],"collection":[{"href":"https:\/\/fase2.net\/demos\/GyC-Group\/wp-json\/wp\/v2\/pages"}],"about":[{"href":"https:\/\/fase2.net\/demos\/GyC-Group\/wp-json\/wp\/v2\/types\/page"}],"author":[{"embeddable":true,"href":"https:\/\/fase2.net\/demos\/GyC-Group\/wp-json\/wp\/v2\/users\/1"}],"replies":[{"embeddable":true,"href":"https:\/\/fase2.net\/demos\/GyC-Group\/wp-json\/wp\/v2\/comments?post=1489"}],"version-history":[{"count":22,"href":"https:\/\/fase2.net\/demos\/GyC-Group\/wp-json\/wp\/v2\/pages\/1489\/revisions"}],"predecessor-version":[{"id":1626,"href":"https:\/\/fase2.net\/demos\/GyC-Group\/wp-json\/wp\/v2\/pages\/1489\/revisions\/1626"}],"wp:attachment":[{"href":"https:\/\/fase2.net\/demos\/GyC-Group\/wp-json\/wp\/v2\/media?parent=1489"}],"curies":[{"name":"wp","href":"https:\/\/api.w.org\/{rel}","templated":true}]}}